{"id":6232,"date":"2022-06-02T07:02:42","date_gmt":"2022-06-02T05:02:42","guid":{"rendered":"https:\/\/www.kastieljelsava.sk\/about-the-project\/"},"modified":"2023-12-19T08:58:39","modified_gmt":"2023-12-19T07:58:39","slug":"about-the-project","status":"publish","type":"page","link":"https:\/\/www.kastieljelsava.sk\/en\/about-the-project\/","title":{"rendered":"About the project"},"content":{"rendered":"\t\t<div data-elementor-type=\"wp-page\" data-elementor-id=\"6232\" class=\"elementor elementor-6232 elementor-4323\" data-elementor-post-type=\"page\">\n\t\t\t\t\t\t<section class=\"elementor-section elementor-top-section elementor-element elementor-element-062c0e6 elementor-section-boxed elementor-section-height-default elementor-section-height-default\" data-id=\"062c0e6\" data-element_type=\"section\">\r\n\t\t\r\n\t\t\t\t\t\t\t<div class=\"elementor-container elementor-column-gap-default\">\r\n\t\t\t\t\t\t\t\t\t\t\t<div class=\"elementor-column elementor-col-100 elementor-top-column elementor-element elementor-element-07eb7db\" data-id=\"07eb7db\" data-element_type=\"column\">\r\n\t\t\t\t\t<div class=\"elementor-widget-wrap elementor-element-populated\">\r\n\t\t\t\t\t\t\t\t<div class=\"elementor-element elementor-element-516679d elementor-widget elementor-widget-text-editor\" data-id=\"516679d\" data-element_type=\"widget\" data-widget_type=\"text-editor.default\">\n\t\t\t\t<div class=\"elementor-widget-container\">\n\t\t\t\t\t\t\t\t\t<p><strong>Project title: <\/strong>Coburg manor house in Jel\u0161ava \u2013 historical, craft and ecological centre of Gemer<\/p>\n\t\t\t\t\t\t\t\t<\/div>\n\t\t\t\t<\/div>\n\t\t\t\t\t<\/div>\r\n\t\t\t\t<\/div>\r\n\t\t\t\t\t<\/div>\r\n\t\t\t\t<\/section>\r\n\t\t\t\t<section class=\"elementor-section elementor-top-section elementor-element elementor-element-0489dce elementor-section-boxed elementor-section-height-default elementor-section-height-default\" data-id=\"0489dce\" data-element_type=\"section\">\r\n\t\t\r\n\t\t\t\t\t\t\t<div class=\"elementor-container elementor-column-gap-default\">\r\n\t\t\t\t\t\t\t\t\t\t\t<div class=\"elementor-column elementor-col-66 elementor-top-column elementor-element elementor-element-4c7d707\" data-id=\"4c7d707\" data-element_type=\"column\">\r\n\t\t\t\t\t<div class=\"elementor-widget-wrap elementor-element-populated\">\r\n\t\t\t\t\t\t\t\t<div class=\"elementor-element elementor-element-476f11b elementor-widget elementor-widget-heading\" data-id=\"476f11b\" data-element_type=\"widget\" data-widget_type=\"heading.default\">\n\t\t\t\t<div class=\"elementor-widget-container\">\n\t\t\t\t\t<h2 class=\"elementor-heading-title elementor-size-default\">Basic information<\/h2>\t\t\t\t<\/div>\n\t\t\t\t<\/div>\n\t\t\t\t<div class=\"elementor-element elementor-element-fadf18d elementor-widget elementor-widget-text-editor\" data-id=\"fadf18d\" data-element_type=\"widget\" data-widget_type=\"text-editor.default\">\n\t\t\t\t<div class=\"elementor-widget-container\">\n\t\t\t\t\t\t\t\t\t<p>Project number: CLT01003<br \/>Project title: Coburg manor house in Jel\u0161ava \u2013 historical, craft and ecological centre of Gemer<br \/>Program: Culture<br \/>Total eligible expenses: \u20ac1,196,307<br \/>Project grant amount: 95%<br \/>Approved project grant: \u20ac1,136,491<br \/>Region of the project implementation: Banskobystrick\u00fd<br \/>District of the project implementation: Rev\u00faca<br \/>Estimated date of project completion: 30.4.2024<\/p>\n\t\t\t\t\t\t\t\t<\/div>\n\t\t\t\t<\/div>\n\t\t\t\t\t<\/div>\r\n\t\t\t\t<\/div>\r\n\t\t\t\t<div class=\"elementor-column elementor-col-33 elementor-top-column elementor-element elementor-element-c8ca56e\" data-id=\"c8ca56e\" data-element_type=\"column\">\r\n\t\t\t\t\t<div class=\"elementor-widget-wrap elementor-element-populated\">\r\n\t\t\t\t\t\t\t\t<div class=\"elementor-element elementor-element-9d7f622 elementor-widget elementor-widget-text-editor\" data-id=\"9d7f622\" data-element_type=\"widget\" data-widget_type=\"text-editor.default\">\n\t\t\t\t<div class=\"elementor-widget-container\">\n\t\t\t\t\t\t\t\t\t<h4><strong>Documentation:<\/strong><\/h4>\n<p><a href=\"https:\/\/crz.gov.sk\/zmluva\/5267850\/\" target=\"_blank\" rel=\"noopener\">Project contract<\/a><\/p>\n<p><a href=\"http:\/\/www.eeagrants.sk\/projekty\/katie-coburgovcov-v-jelave-historicko-remeseln-a-ekologick-centrum-gemera\/verejne-obstaravania\/\" target=\"_blank\" rel=\"noopener\">Public procurements<\/a><\/p>\n<p><a href=\"https:\/\/www.crz.gov.sk\/zmluva\/8106585\/\">Addendum No. 1\/2023 to the project contract<\/a><\/p>\n\t\t\t\t\t\t\t\t<\/div>\n\t\t\t\t<\/div>\n\t\t\t\t\t<\/div>\r\n\t\t\t\t<\/div>\r\n\t\t\t\t\t<\/div>\r\n\t\t\t\t<\/section>\r\n\t\t\t\t<section class=\"elementor-section elementor-top-section elementor-element elementor-element-bcbf5a4 elementor-section-boxed elementor-section-height-default elementor-section-height-default\" data-id=\"bcbf5a4\" data-element_type=\"section\">\r\n\t\t\r\n\t\t\t\t\t\t\t<div class=\"elementor-container elementor-column-gap-default\">\r\n\t\t\t\t\t\t\t\t\t\t\t<div class=\"elementor-column elementor-col-100 elementor-top-column elementor-element elementor-element-0ede60f\" data-id=\"0ede60f\" data-element_type=\"column\">\r\n\t\t\t\t\t<div class=\"elementor-widget-wrap elementor-element-populated\">\r\n\t\t\t\t\t\t\t\t<div class=\"elementor-element elementor-element-86d8063 elementor-widget-divider--view-line elementor-widget elementor-widget-divider\" data-id=\"86d8063\" data-element_type=\"widget\" data-widget_type=\"divider.default\">\n\t\t\t\t<div class=\"elementor-widget-container\">\n\t\t\t\t\t\t\t<div class=\"elementor-divider\">\n\t\t\t<span class=\"elementor-divider-separator\">\n\t\t\t\t\t\t<\/span>\n\t\t<\/div>\n\t\t\t\t\t\t<\/div>\n\t\t\t\t<\/div>\n\t\t\t\t\t<\/div>\r\n\t\t\t\t<\/div>\r\n\t\t\t\t\t<\/div>\r\n\t\t\t\t<\/section>\r\n\t\t\t\t<section class=\"elementor-section elementor-top-section elementor-element elementor-element-91e02dd elementor-section-boxed elementor-section-height-default elementor-section-height-default\" data-id=\"91e02dd\" data-element_type=\"section\">\r\n\t\t\r\n\t\t\t\t\t\t\t<div class=\"elementor-container elementor-column-gap-default\">\r\n\t\t\t\t\t\t\t\t\t\t\t<div class=\"elementor-column elementor-col-100 elementor-top-column elementor-element elementor-element-a90c1d4\" data-id=\"a90c1d4\" data-element_type=\"column\">\r\n\t\t\t\t\t<div class=\"elementor-widget-wrap elementor-element-populated\">\r\n\t\t\t\t\t\t\t\t<div class=\"elementor-element elementor-element-cde2353 elementor-widget elementor-widget-video\" data-id=\"cde2353\" data-element_type=\"widget\" data-settings=\"{&quot;youtube_url&quot;:&quot;https:\\\/\\\/www.youtube.com\\\/watch?v=hXK2IHCLeg8&amp;t=120s&quot;,&quot;video_type&quot;:&quot;youtube&quot;,&quot;controls&quot;:&quot;yes&quot;}\" data-widget_type=\"video.default\">\n\t\t\t\t<div class=\"elementor-widget-container\">\n\t\t\t\t\t\t\t<div class=\"elementor-wrapper elementor-open-inline\">\n\t\t\t<div class=\"elementor-video\"><\/div>\t\t<\/div>\n\t\t\t\t\t\t<\/div>\n\t\t\t\t<\/div>\n\t\t\t\t\t<\/div>\r\n\t\t\t\t<\/div>\r\n\t\t\t\t\t<\/div>\r\n\t\t\t\t<\/section>\r\n\t\t\t\t<section class=\"elementor-section elementor-top-section elementor-element elementor-element-dec767c elementor-section-boxed elementor-section-height-default elementor-section-height-default\" data-id=\"dec767c\" data-element_type=\"section\">\r\n\t\t\r\n\t\t\t\t\t\t\t<div class=\"elementor-container elementor-column-gap-default\">\r\n\t\t\t\t\t\t\t\t\t\t\t<div class=\"elementor-column elementor-col-100 elementor-top-column elementor-element elementor-element-7912ec8\" data-id=\"7912ec8\" data-element_type=\"column\">\r\n\t\t\t\t\t<div class=\"elementor-widget-wrap elementor-element-populated\">\r\n\t\t\t\t\t\t\t\t<div class=\"elementor-element elementor-element-46dbee2 elementor-widget elementor-widget-heading\" data-id=\"46dbee2\" data-element_type=\"widget\" data-widget_type=\"heading.default\">\n\t\t\t\t<div class=\"elementor-widget-container\">\n\t\t\t\t\t<h2 class=\"elementor-heading-title elementor-size-default\">Grants of The European Economic Area<\/h2>\t\t\t\t<\/div>\n\t\t\t\t<\/div>\n\t\t\t\t<div class=\"elementor-element elementor-element-b522d3b elementor-widget elementor-widget-text-editor\" data-id=\"b522d3b\" data-element_type=\"widget\" data-widget_type=\"text-editor.default\">\n\t\t\t\t<div class=\"elementor-widget-container\">\n\t\t\t\t\t\t\t\t\t<p>EEA grants represent the contribution of Iceland, Liechtenstein and Norway to a green, competitive and inclusive Europe. They have two main objectives: to reduce economic and social disparities in Europe and to strengthen relations between the contributing countries and the 15 EU countries in Central and Eastern Europe and the Baltics. The three contributing countries work closely with the EU through the European Economic Area (EEA) Agreement. As donors, they gradually provided EUR 3.3 billion through grant schemes between 1994 and 2014. EEA grants for the period 2014-2021 amount to EUR 1.55 billion.<\/p>\n<p>The priorities of this period are:<br \/>1. Innovation, research, education and competitiveness<br \/>2. Social inclusion, youth employment and poverty eradication<br \/>3. Environment, energy, climate change and low carbon economy<br \/>4. Culture, civil society, good governance and fundamental rights<br \/>5. Justice and Home Affairs<\/p>\n<p>EEA grants are co-financed by Iceland, Liechtenstein and Norway according to their GDP. Eligibility for these grants reflects the criteria set for the EU Cohesion Fund, which is intended for Member States with a gross national product (GNP) per capita below 90% of the EU average. All projects are 15% co-financed from the state budget of the Slovak Republic.<\/p>\n<p>To learn more about programs and projects funded by EEA Grants in Slovakia, visit <a title=\"www.eeagrants.sk - The item will open in a new window\" href=\"http:\/\/www.eeagrants.sk\" target=\"_blank\" rel=\"noopener\">www.eeagrants.sk<\/a> To learn more about programs and projects funded by EEA Grants in Slovakia, visit <a href=\"https:\/\/www.facebook.com\/profile.php?id=100069358563242\">Grantov EHP a N\u00f3rska na Slovensku na Facebooku<\/a>. General information about all international projects are to be found on<a title=\"www.eeagrants.org - The item will open in a new window\" href=\"http:\/\/www.eeagrants.org\" target=\"_blank\" rel=\"noopener\">www.eeagrants.org<\/a>.<\/p>\n\t\t\t\t\t\t\t\t<\/div>\n\t\t\t\t<\/div>\n\t\t\t\t\t<\/div>\r\n\t\t\t\t<\/div>\r\n\t\t\t\t\t<\/div>\r\n\t\t\t\t<\/section>\r\n\t\t\t\t<\/div>\n\t\t","protected":false},"excerpt":{"rendered":"<p>Project title: Coburg manor house in Jel\u0161ava \u2013 historical, craft and ecological centre of Gemer Basic information Project number: CLT01003Project title: Coburg manor house in Jel\u0161ava \u2013 historical, craft and ecological centre of GemerProgram: CultureTotal eligible expenses: \u20ac1,196,307Project grant amount: 95%Approved project grant: \u20ac1,136,491Region of the project implementation: Banskobystrick\u00fdDistrict of the project implementation: Rev\u00facaEstimated date [&hellip;]<\/p>\n","protected":false},"author":1,"featured_media":0,"parent":0,"menu_order":0,"comment_status":"closed","ping_status":"closed","template":"","meta":{"_acf_changed":false,"footnotes":""},"class_list":["post-6232","page","type-page","status-publish","hentry"],"acf":[],"yoast_head":"<!-- This site is optimized with the Yoast SEO plugin v24.8.1 - https:\/\/yoast.com\/wordpress\/plugins\/seo\/ -->\n<title>About the project - Ka\u0161tie\u013e Jel\u0161ava<\/title>\n<meta name=\"robots\" content=\"index, follow, max-snippet:-1, max-image-preview:large, max-video-preview:-1\" \/>\n<link rel=\"canonical\" href=\"https:\/\/www.kastieljelsava.sk\/en\/about-the-project\/\" \/>\n<meta property=\"og:locale\" content=\"en_US\" \/>\n<meta property=\"og:type\" content=\"article\" \/>\n<meta property=\"og:title\" content=\"About the project - Ka\u0161tie\u013e Jel\u0161ava\" \/>\n<meta property=\"og:description\" content=\"Project title: Coburg manor house in Jel\u0161ava \u2013 historical, craft and ecological centre of Gemer Basic information Project number: CLT01003Project title: Coburg manor house in Jel\u0161ava \u2013 historical, craft and ecological centre of GemerProgram: CultureTotal eligible expenses: \u20ac1,196,307Project grant amount: 95%Approved project grant: \u20ac1,136,491Region of the project implementation: Banskobystrick\u00fdDistrict of the project implementation: Rev\u00facaEstimated date [&hellip;]\" \/>\n<meta property=\"og:url\" content=\"https:\/\/www.kastieljelsava.sk\/en\/about-the-project\/\" \/>\n<meta property=\"og:site_name\" content=\"Ka\u0161tie\u013e Jel\u0161ava\" \/>\n<meta property=\"article:modified_time\" content=\"2023-12-19T07:58:39+00:00\" \/>\n<meta name=\"twitter:card\" content=\"summary_large_image\" \/>\n<meta name=\"twitter:label1\" content=\"Est. reading time\" \/>\n\t<meta name=\"twitter:data1\" content=\"2 minutes\" \/>\n<script type=\"application\/ld+json\" class=\"yoast-schema-graph\">{\"@context\":\"https:\/\/schema.org\",\"@graph\":[{\"@type\":\"WebPage\",\"@id\":\"https:\/\/www.kastieljelsava.sk\/en\/about-the-project\/\",\"url\":\"https:\/\/www.kastieljelsava.sk\/en\/about-the-project\/\",\"name\":\"About the project - Ka\u0161tie\u013e Jel\u0161ava\",\"isPartOf\":{\"@id\":\"https:\/\/www.kastieljelsava.sk\/#website\"},\"datePublished\":\"2022-06-02T05:02:42+00:00\",\"dateModified\":\"2023-12-19T07:58:39+00:00\",\"breadcrumb\":{\"@id\":\"https:\/\/www.kastieljelsava.sk\/en\/about-the-project\/#breadcrumb\"},\"inLanguage\":\"en-US\",\"potentialAction\":[{\"@type\":\"ReadAction\",\"target\":[\"https:\/\/www.kastieljelsava.sk\/en\/about-the-project\/\"]}]},{\"@type\":\"BreadcrumbList\",\"@id\":\"https:\/\/www.kastieljelsava.sk\/en\/about-the-project\/#breadcrumb\",\"itemListElement\":[{\"@type\":\"ListItem\",\"position\":1,\"name\":\"Domovsk\u00e1 str\u00e1nka\",\"item\":\"https:\/\/www.kastieljelsava.sk\/\"},{\"@type\":\"ListItem\",\"position\":2,\"name\":\"About the project\"}]},{\"@type\":\"WebSite\",\"@id\":\"https:\/\/www.kastieljelsava.sk\/#website\",\"url\":\"https:\/\/www.kastieljelsava.sk\/\",\"name\":\"Ka\u0161tie\u013e Jel\u0161ava\",\"description\":\"\",\"publisher\":{\"@id\":\"https:\/\/www.kastieljelsava.sk\/#organization\"},\"potentialAction\":[{\"@type\":\"SearchAction\",\"target\":{\"@type\":\"EntryPoint\",\"urlTemplate\":\"https:\/\/www.kastieljelsava.sk\/?s={search_term_string}\"},\"query-input\":{\"@type\":\"PropertyValueSpecification\",\"valueRequired\":true,\"valueName\":\"search_term_string\"}}],\"inLanguage\":\"en-US\"},{\"@type\":\"Organization\",\"@id\":\"https:\/\/www.kastieljelsava.sk\/#organization\",\"name\":\"Ka\u0161tie\u013e Jel\u0161ava\",\"url\":\"https:\/\/www.kastieljelsava.sk\/\",\"logo\":{\"@type\":\"ImageObject\",\"inLanguage\":\"en-US\",\"@id\":\"https:\/\/www.kastieljelsava.sk\/#\/schema\/logo\/image\/\",\"url\":\"https:\/\/www.kastieljelsava.sk\/wp-content\/uploads\/2022\/05\/Granty-EHP-a-S\u030cta\u0301tny-rozpoc\u030cet-SR.png\",\"contentUrl\":\"https:\/\/www.kastieljelsava.sk\/wp-content\/uploads\/2022\/05\/Granty-EHP-a-S\u030cta\u0301tny-rozpoc\u030cet-SR.png\",\"width\":900,\"height\":717,\"caption\":\"Ka\u0161tie\u013e Jel\u0161ava\"},\"image\":{\"@id\":\"https:\/\/www.kastieljelsava.sk\/#\/schema\/logo\/image\/\"}}]}<\/script>\n<!-- \/ Yoast SEO plugin. -->","yoast_head_json":{"title":"About the project - Ka\u0161tie\u013e Jel\u0161ava","robots":{"index":"index","follow":"follow","max-snippet":"max-snippet:-1","max-image-preview":"max-image-preview:large","max-video-preview":"max-video-preview:-1"},"canonical":"https:\/\/www.kastieljelsava.sk\/en\/about-the-project\/","og_locale":"en_US","og_type":"article","og_title":"About the project - Ka\u0161tie\u013e Jel\u0161ava","og_description":"Project title: Coburg manor house in Jel\u0161ava \u2013 historical, craft and ecological centre of Gemer Basic information Project number: CLT01003Project title: Coburg manor house in Jel\u0161ava \u2013 historical, craft and ecological centre of GemerProgram: CultureTotal eligible expenses: \u20ac1,196,307Project grant amount: 95%Approved project grant: \u20ac1,136,491Region of the project implementation: Banskobystrick\u00fdDistrict of the project implementation: Rev\u00facaEstimated date [&hellip;]","og_url":"https:\/\/www.kastieljelsava.sk\/en\/about-the-project\/","og_site_name":"Ka\u0161tie\u013e Jel\u0161ava","article_modified_time":"2023-12-19T07:58:39+00:00","twitter_card":"summary_large_image","twitter_misc":{"Est. reading time":"2 minutes"},"schema":{"@context":"https:\/\/schema.org","@graph":[{"@type":"WebPage","@id":"https:\/\/www.kastieljelsava.sk\/en\/about-the-project\/","url":"https:\/\/www.kastieljelsava.sk\/en\/about-the-project\/","name":"About the project - Ka\u0161tie\u013e Jel\u0161ava","isPartOf":{"@id":"https:\/\/www.kastieljelsava.sk\/#website"},"datePublished":"2022-06-02T05:02:42+00:00","dateModified":"2023-12-19T07:58:39+00:00","breadcrumb":{"@id":"https:\/\/www.kastieljelsava.sk\/en\/about-the-project\/#breadcrumb"},"inLanguage":"en-US","potentialAction":[{"@type":"ReadAction","target":["https:\/\/www.kastieljelsava.sk\/en\/about-the-project\/"]}]},{"@type":"BreadcrumbList","@id":"https:\/\/www.kastieljelsava.sk\/en\/about-the-project\/#breadcrumb","itemListElement":[{"@type":"ListItem","position":1,"name":"Domovsk\u00e1 str\u00e1nka","item":"https:\/\/www.kastieljelsava.sk\/"},{"@type":"ListItem","position":2,"name":"About the project"}]},{"@type":"WebSite","@id":"https:\/\/www.kastieljelsava.sk\/#website","url":"https:\/\/www.kastieljelsava.sk\/","name":"Ka\u0161tie\u013e Jel\u0161ava","description":"","publisher":{"@id":"https:\/\/www.kastieljelsava.sk\/#organization"},"potentialAction":[{"@type":"SearchAction","target":{"@type":"EntryPoint","urlTemplate":"https:\/\/www.kastieljelsava.sk\/?s={search_term_string}"},"query-input":{"@type":"PropertyValueSpecification","valueRequired":true,"valueName":"search_term_string"}}],"inLanguage":"en-US"},{"@type":"Organization","@id":"https:\/\/www.kastieljelsava.sk\/#organization","name":"Ka\u0161tie\u013e Jel\u0161ava","url":"https:\/\/www.kastieljelsava.sk\/","logo":{"@type":"ImageObject","inLanguage":"en-US","@id":"https:\/\/www.kastieljelsava.sk\/#\/schema\/logo\/image\/","url":"https:\/\/www.kastieljelsava.sk\/wp-content\/uploads\/2022\/05\/Granty-EHP-a-S\u030cta\u0301tny-rozpoc\u030cet-SR.png","contentUrl":"https:\/\/www.kastieljelsava.sk\/wp-content\/uploads\/2022\/05\/Granty-EHP-a-S\u030cta\u0301tny-rozpoc\u030cet-SR.png","width":900,"height":717,"caption":"Ka\u0161tie\u013e Jel\u0161ava"},"image":{"@id":"https:\/\/www.kastieljelsava.sk\/#\/schema\/logo\/image\/"}}]}},"_links":{"self":[{"href":"https:\/\/www.kastieljelsava.sk\/en\/wp-json\/wp\/v2\/pages\/6232","targetHints":{"allow":["GET"]}}],"collection":[{"href":"https:\/\/www.kastieljelsava.sk\/en\/wp-json\/wp\/v2\/pages"}],"about":[{"href":"https:\/\/www.kastieljelsava.sk\/en\/wp-json\/wp\/v2\/types\/page"}],"author":[{"embeddable":true,"href":"https:\/\/www.kastieljelsava.sk\/en\/wp-json\/wp\/v2\/users\/1"}],"replies":[{"embeddable":true,"href":"https:\/\/www.kastieljelsava.sk\/en\/wp-json\/wp\/v2\/comments?post=6232"}],"version-history":[{"count":5,"href":"https:\/\/www.kastieljelsava.sk\/en\/wp-json\/wp\/v2\/pages\/6232\/revisions"}],"predecessor-version":[{"id":8363,"href":"https:\/\/www.kastieljelsava.sk\/en\/wp-json\/wp\/v2\/pages\/6232\/revisions\/8363"}],"wp:attachment":[{"href":"https:\/\/www.kastieljelsava.sk\/en\/wp-json\/wp\/v2\/media?parent=6232"}],"curies":[{"name":"wp","href":"https:\/\/api.w.org\/{rel}","templated":true}]}}