{"id":6388,"date":"2022-10-23T18:27:26","date_gmt":"2022-10-23T16:27:26","guid":{"rendered":"https:\/\/www.kastieljelsava.sk\/4-enviromental-adaptation-measures\/"},"modified":"2022-11-07T21:25:57","modified_gmt":"2022-11-07T20:25:57","slug":"4-enviromental-adaptation-measures","status":"publish","type":"page","link":"https:\/\/www.kastieljelsava.sk\/en\/4-enviromental-adaptation-measures\/","title":{"rendered":"4. Enviromental adaptation measures"},"content":{"rendered":"\t\t<div data-elementor-type=\"wp-page\" data-elementor-id=\"6388\" class=\"elementor elementor-6388 elementor-5635\" data-elementor-post-type=\"page\">\n\t\t\t\t\t\t<section class=\"elementor-section elementor-top-section elementor-element elementor-element-3c0e278 elementor-section-boxed elementor-section-height-default elementor-section-height-default\" data-id=\"3c0e278\" data-element_type=\"section\">\r\n\t\t\r\n\t\t\t\t\t\t\t<div class=\"elementor-container elementor-column-gap-default\">\r\n\t\t\t\t\t\t\t\t\t\t\t<div class=\"elementor-column elementor-col-100 elementor-top-column elementor-element elementor-element-d6a3060\" data-id=\"d6a3060\" data-element_type=\"column\">\r\n\t\t\t\t\t<div class=\"elementor-widget-wrap elementor-element-populated\">\r\n\t\t\t\t\t\t\t\t<div class=\"elementor-element elementor-element-7315e08 elementor-widget elementor-widget-text-editor\" data-id=\"7315e08\" data-element_type=\"widget\" data-widget_type=\"text-editor.default\">\n\t\t\t\t<div class=\"elementor-widget-container\">\n\t\t\t\t\t\t\t\t\t<p>Activities focused on the enviroment and mitigating measures were so far realized during all the events in the manor house. The content is raising of awareness about the enviroment of children, youth and people from minorities, who form the biggest part of the population of Jel\u0161ava and its surrounding.<\/p>\n<p>To improve the enviroment of the town and its problem with air pollution, we are collecting data of the air quality in cooperation with the Slovak meteorological institute. Ascertained data will be evaluated by specialized institutes and in cooperation with the foreign partners of the project will be prepared measures to eliminate the causes of the unfavourable state.<\/p>\n\t\t\t\t\t\t\t\t<\/div>\n\t\t\t\t<\/div>\n\t\t\t\t\t<\/div>\r\n\t\t\t\t<\/div>\r\n\t\t\t\t\t<\/div>\r\n\t\t\t\t<\/section>\r\n\t\t\t\t<\/div>\n\t\t","protected":false},"excerpt":{"rendered":"<p>Activities focused on the enviroment and mitigating measures were so far realized during all the events in the manor house. The content is raising of awareness about the enviroment of children, youth and people from minorities, who form the biggest part of the population of Jel\u0161ava and its surrounding. To improve the enviroment of the [&hellip;]<\/p>\n","protected":false},"author":1,"featured_media":0,"parent":0,"menu_order":0,"comment_status":"closed","ping_status":"closed","template":"","meta":{"_acf_changed":false,"footnotes":""},"class_list":["post-6388","page","type-page","status-publish","hentry"],"acf":[],"yoast_head":"<!-- This site is optimized with the Yoast SEO plugin v24.8.1 - https:\/\/yoast.com\/wordpress\/plugins\/seo\/ -->\n<title>4. Enviromental adaptation measures - Ka\u0161tie\u013e Jel\u0161ava<\/title>\n<meta name=\"robots\" content=\"index, follow, max-snippet:-1, max-image-preview:large, max-video-preview:-1\" \/>\n<link rel=\"canonical\" href=\"https:\/\/www.kastieljelsava.sk\/en\/4-enviromental-adaptation-measures\/\" \/>\n<meta property=\"og:locale\" content=\"en_US\" \/>\n<meta property=\"og:type\" content=\"article\" \/>\n<meta property=\"og:title\" content=\"4. Enviromental adaptation measures - Ka\u0161tie\u013e Jel\u0161ava\" \/>\n<meta property=\"og:description\" content=\"Activities focused on the enviroment and mitigating measures were so far realized during all the events in the manor house. The content is raising of awareness about the enviroment of children, youth and people from minorities, who form the biggest part of the population of Jel\u0161ava and its surrounding. To improve the enviroment of the [&hellip;]\" \/>\n<meta property=\"og:url\" content=\"https:\/\/www.kastieljelsava.sk\/en\/4-enviromental-adaptation-measures\/\" \/>\n<meta property=\"og:site_name\" content=\"Ka\u0161tie\u013e Jel\u0161ava\" \/>\n<meta property=\"article:modified_time\" content=\"2022-11-07T20:25:57+00:00\" \/>\n<meta name=\"twitter:card\" content=\"summary_large_image\" \/>\n<meta name=\"twitter:label1\" content=\"Est. reading time\" \/>\n\t<meta name=\"twitter:data1\" content=\"1 minute\" \/>\n<script type=\"application\/ld+json\" class=\"yoast-schema-graph\">{\"@context\":\"https:\/\/schema.org\",\"@graph\":[{\"@type\":\"WebPage\",\"@id\":\"https:\/\/www.kastieljelsava.sk\/en\/4-enviromental-adaptation-measures\/\",\"url\":\"https:\/\/www.kastieljelsava.sk\/en\/4-enviromental-adaptation-measures\/\",\"name\":\"4. Enviromental adaptation measures - Ka\u0161tie\u013e Jel\u0161ava\",\"isPartOf\":{\"@id\":\"https:\/\/www.kastieljelsava.sk\/#website\"},\"datePublished\":\"2022-10-23T16:27:26+00:00\",\"dateModified\":\"2022-11-07T20:25:57+00:00\",\"breadcrumb\":{\"@id\":\"https:\/\/www.kastieljelsava.sk\/en\/4-enviromental-adaptation-measures\/#breadcrumb\"},\"inLanguage\":\"en-US\",\"potentialAction\":[{\"@type\":\"ReadAction\",\"target\":[\"https:\/\/www.kastieljelsava.sk\/en\/4-enviromental-adaptation-measures\/\"]}]},{\"@type\":\"BreadcrumbList\",\"@id\":\"https:\/\/www.kastieljelsava.sk\/en\/4-enviromental-adaptation-measures\/#breadcrumb\",\"itemListElement\":[{\"@type\":\"ListItem\",\"position\":1,\"name\":\"Domovsk\u00e1 str\u00e1nka\",\"item\":\"https:\/\/www.kastieljelsava.sk\/\"},{\"@type\":\"ListItem\",\"position\":2,\"name\":\"4. Enviromental adaptation measures\"}]},{\"@type\":\"WebSite\",\"@id\":\"https:\/\/www.kastieljelsava.sk\/#website\",\"url\":\"https:\/\/www.kastieljelsava.sk\/\",\"name\":\"Ka\u0161tie\u013e Jel\u0161ava\",\"description\":\"\",\"publisher\":{\"@id\":\"https:\/\/www.kastieljelsava.sk\/#organization\"},\"potentialAction\":[{\"@type\":\"SearchAction\",\"target\":{\"@type\":\"EntryPoint\",\"urlTemplate\":\"https:\/\/www.kastieljelsava.sk\/?s={search_term_string}\"},\"query-input\":{\"@type\":\"PropertyValueSpecification\",\"valueRequired\":true,\"valueName\":\"search_term_string\"}}],\"inLanguage\":\"en-US\"},{\"@type\":\"Organization\",\"@id\":\"https:\/\/www.kastieljelsava.sk\/#organization\",\"name\":\"Ka\u0161tie\u013e Jel\u0161ava\",\"url\":\"https:\/\/www.kastieljelsava.sk\/\",\"logo\":{\"@type\":\"ImageObject\",\"inLanguage\":\"en-US\",\"@id\":\"https:\/\/www.kastieljelsava.sk\/#\/schema\/logo\/image\/\",\"url\":\"https:\/\/www.kastieljelsava.sk\/wp-content\/uploads\/2022\/05\/Granty-EHP-a-S\u030cta\u0301tny-rozpoc\u030cet-SR.png\",\"contentUrl\":\"https:\/\/www.kastieljelsava.sk\/wp-content\/uploads\/2022\/05\/Granty-EHP-a-S\u030cta\u0301tny-rozpoc\u030cet-SR.png\",\"width\":900,\"height\":717,\"caption\":\"Ka\u0161tie\u013e Jel\u0161ava\"},\"image\":{\"@id\":\"https:\/\/www.kastieljelsava.sk\/#\/schema\/logo\/image\/\"}}]}<\/script>\n<!-- \/ Yoast SEO plugin. -->","yoast_head_json":{"title":"4. Enviromental adaptation measures - Ka\u0161tie\u013e Jel\u0161ava","robots":{"index":"index","follow":"follow","max-snippet":"max-snippet:-1","max-image-preview":"max-image-preview:large","max-video-preview":"max-video-preview:-1"},"canonical":"https:\/\/www.kastieljelsava.sk\/en\/4-enviromental-adaptation-measures\/","og_locale":"en_US","og_type":"article","og_title":"4. Enviromental adaptation measures - Ka\u0161tie\u013e Jel\u0161ava","og_description":"Activities focused on the enviroment and mitigating measures were so far realized during all the events in the manor house. The content is raising of awareness about the enviroment of children, youth and people from minorities, who form the biggest part of the population of Jel\u0161ava and its surrounding. To improve the enviroment of the [&hellip;]","og_url":"https:\/\/www.kastieljelsava.sk\/en\/4-enviromental-adaptation-measures\/","og_site_name":"Ka\u0161tie\u013e Jel\u0161ava","article_modified_time":"2022-11-07T20:25:57+00:00","twitter_card":"summary_large_image","twitter_misc":{"Est. reading time":"1 minute"},"schema":{"@context":"https:\/\/schema.org","@graph":[{"@type":"WebPage","@id":"https:\/\/www.kastieljelsava.sk\/en\/4-enviromental-adaptation-measures\/","url":"https:\/\/www.kastieljelsava.sk\/en\/4-enviromental-adaptation-measures\/","name":"4. Enviromental adaptation measures - Ka\u0161tie\u013e Jel\u0161ava","isPartOf":{"@id":"https:\/\/www.kastieljelsava.sk\/#website"},"datePublished":"2022-10-23T16:27:26+00:00","dateModified":"2022-11-07T20:25:57+00:00","breadcrumb":{"@id":"https:\/\/www.kastieljelsava.sk\/en\/4-enviromental-adaptation-measures\/#breadcrumb"},"inLanguage":"en-US","potentialAction":[{"@type":"ReadAction","target":["https:\/\/www.kastieljelsava.sk\/en\/4-enviromental-adaptation-measures\/"]}]},{"@type":"BreadcrumbList","@id":"https:\/\/www.kastieljelsava.sk\/en\/4-enviromental-adaptation-measures\/#breadcrumb","itemListElement":[{"@type":"ListItem","position":1,"name":"Domovsk\u00e1 str\u00e1nka","item":"https:\/\/www.kastieljelsava.sk\/"},{"@type":"ListItem","position":2,"name":"4. Enviromental adaptation measures"}]},{"@type":"WebSite","@id":"https:\/\/www.kastieljelsava.sk\/#website","url":"https:\/\/www.kastieljelsava.sk\/","name":"Ka\u0161tie\u013e Jel\u0161ava","description":"","publisher":{"@id":"https:\/\/www.kastieljelsava.sk\/#organization"},"potentialAction":[{"@type":"SearchAction","target":{"@type":"EntryPoint","urlTemplate":"https:\/\/www.kastieljelsava.sk\/?s={search_term_string}"},"query-input":{"@type":"PropertyValueSpecification","valueRequired":true,"valueName":"search_term_string"}}],"inLanguage":"en-US"},{"@type":"Organization","@id":"https:\/\/www.kastieljelsava.sk\/#organization","name":"Ka\u0161tie\u013e Jel\u0161ava","url":"https:\/\/www.kastieljelsava.sk\/","logo":{"@type":"ImageObject","inLanguage":"en-US","@id":"https:\/\/www.kastieljelsava.sk\/#\/schema\/logo\/image\/","url":"https:\/\/www.kastieljelsava.sk\/wp-content\/uploads\/2022\/05\/Granty-EHP-a-S\u030cta\u0301tny-rozpoc\u030cet-SR.png","contentUrl":"https:\/\/www.kastieljelsava.sk\/wp-content\/uploads\/2022\/05\/Granty-EHP-a-S\u030cta\u0301tny-rozpoc\u030cet-SR.png","width":900,"height":717,"caption":"Ka\u0161tie\u013e Jel\u0161ava"},"image":{"@id":"https:\/\/www.kastieljelsava.sk\/#\/schema\/logo\/image\/"}}]}},"_links":{"self":[{"href":"https:\/\/www.kastieljelsava.sk\/en\/wp-json\/wp\/v2\/pages\/6388","targetHints":{"allow":["GET"]}}],"collection":[{"href":"https:\/\/www.kastieljelsava.sk\/en\/wp-json\/wp\/v2\/pages"}],"about":[{"href":"https:\/\/www.kastieljelsava.sk\/en\/wp-json\/wp\/v2\/types\/page"}],"author":[{"embeddable":true,"href":"https:\/\/www.kastieljelsava.sk\/en\/wp-json\/wp\/v2\/users\/1"}],"replies":[{"embeddable":true,"href":"https:\/\/www.kastieljelsava.sk\/en\/wp-json\/wp\/v2\/comments?post=6388"}],"version-history":[{"count":1,"href":"https:\/\/www.kastieljelsava.sk\/en\/wp-json\/wp\/v2\/pages\/6388\/revisions"}],"predecessor-version":[{"id":6389,"href":"https:\/\/www.kastieljelsava.sk\/en\/wp-json\/wp\/v2\/pages\/6388\/revisions\/6389"}],"wp:attachment":[{"href":"https:\/\/www.kastieljelsava.sk\/en\/wp-json\/wp\/v2\/media?parent=6388"}],"curies":[{"name":"wp","href":"https:\/\/api.w.org\/{rel}","templated":true}]}}